{"id":19689,"date":"2023-10-18T14:31:17","date_gmt":"2023-10-18T12:31:17","guid":{"rendered":"https:\/\/tpe.group\/tpe-france\/?page_id=19689"},"modified":"2025-03-12T20:46:31","modified_gmt":"2025-03-12T19:46:31","slug":"carriere","status":"publish","type":"page","link":"https:\/\/tpe.group\/tpe-france\/fr\/carriere\/","title":{"rendered":"Carri\u00e8re"},"content":{"rendered":"\t\t<div data-elementor-type=\"wp-page\" data-elementor-id=\"19689\" class=\"elementor elementor-19689\" data-elementor-post-type=\"page\">\n\t\t\t\t<div class=\"elementor-element elementor-element-49d44c2 e-flex e-con-boxed e-con e-parent\" data-id=\"49d44c2\" data-element_type=\"container\" data-e-type=\"container\" data-settings=\"{&quot;background_background&quot;:&quot;classic&quot;}\">\n\t\t\t\t\t<div class=\"e-con-inner\">\n\t\t\t\t\t<\/div>\n\t\t\t\t<\/div>\n\t\t\t\t<section class=\"elementor-section elementor-top-section elementor-element elementor-element-de73474 elementor-section-boxed elementor-section-height-default elementor-section-height-default\" data-id=\"de73474\" data-element_type=\"section\" data-e-type=\"section\" data-settings=\"{&quot;background_background&quot;:&quot;classic&quot;}\">\n\t\t\t\t\t\t<div class=\"elementor-container elementor-column-gap-wider\">\n\t\t\t\t\t<div class=\"elementor-column elementor-col-100 elementor-top-column elementor-element elementor-element-3102f79\" data-id=\"3102f79\" data-element_type=\"column\" data-e-type=\"column\">\n\t\t\t<div class=\"elementor-widget-wrap elementor-element-populated\">\n\t\t\t\t\t\t<section class=\"elementor-section elementor-inner-section elementor-element elementor-element-913132f elementor-section-content-top elementor-section-boxed elementor-section-height-default elementor-section-height-default\" data-id=\"913132f\" data-element_type=\"section\" data-e-type=\"section\">\n\t\t\t\t\t\t<div class=\"elementor-container elementor-column-gap-wider\">\n\t\t\t\t\t<div class=\"elementor-column elementor-col-50 elementor-inner-column elementor-element elementor-element-cc54ded\" data-id=\"cc54ded\" data-element_type=\"column\" data-e-type=\"column\">\n\t\t\t<div class=\"elementor-widget-wrap elementor-element-populated\">\n\t\t\t\t\t\t<div class=\"elementor-element elementor-element-9de3fc1 elementor-widget elementor-widget-heading\" data-id=\"9de3fc1\" data-element_type=\"widget\" data-e-type=\"widget\" data-widget_type=\"heading.default\">\n\t\t\t\t<div class=\"elementor-widget-container\">\n\t\t\t\t\t<h1 class=\"elementor-heading-title elementor-size-default\">Carri\u00e8re<\/h1>\t\t\t\t<\/div>\n\t\t\t\t<\/div>\n\t\t\t\t<div class=\"elementor-element elementor-element-d217b87 elementor-widget elementor-widget-heading\" data-id=\"d217b87\" data-element_type=\"widget\" data-e-type=\"widget\" data-widget_type=\"heading.default\">\n\t\t\t\t<div class=\"elementor-widget-container\">\n\t\t\t\t\t<h3 class=\"elementor-heading-title elementor-size-default\">Postes \u00e0 pourvoir en France<\/h3>\t\t\t\t<\/div>\n\t\t\t\t<\/div>\n\t\t\t\t<div class=\"elementor-element elementor-element-50f71d2 elementor-widget elementor-widget-heading\" data-id=\"50f71d2\" data-element_type=\"widget\" data-e-type=\"widget\" data-widget_type=\"heading.default\">\n\t\t\t\t<div class=\"elementor-widget-container\">\n\t\t\t\t\t<h4 class=\"elementor-heading-title elementor-size-default\">BECOME A PART OF TECH POWER ELECTRONICS GROUP!<\/h4>\t\t\t\t<\/div>\n\t\t\t\t<\/div>\n\t\t\t\t<div class=\"elementor-element elementor-element-a04026d elementor-widget elementor-widget-global elementor-global-4281 elementor-widget-text-editor\" data-id=\"a04026d\" data-element_type=\"widget\" data-e-type=\"widget\" data-widget_type=\"text-editor.default\">\n\t\t\t\t<div class=\"elementor-widget-container\">\n\t\t\t\t\t\t\t\t\t<p><strong>Tech Power Electronics<\/strong><br \/><strong>ZI Les Plaines<\/strong><br \/><strong>39570 Courlaoux<\/strong><br \/><strong>France<\/strong><\/p>\t\t\t\t\t\t\t\t<\/div>\n\t\t\t\t<\/div>\n\t\t\t\t<div class=\"elementor-element elementor-element-76e1cb0 elementor-widget elementor-widget-heading\" data-id=\"76e1cb0\" data-element_type=\"widget\" data-e-type=\"widget\" data-widget_type=\"heading.default\">\n\t\t\t\t<div class=\"elementor-widget-container\">\n\t\t\t\t\t<h5 class=\"elementor-heading-title elementor-size-default\">Phone:<\/h5>\t\t\t\t<\/div>\n\t\t\t\t<\/div>\n\t\t\t\t<div class=\"elementor-element elementor-element-ba60f0d elementor-widget elementor-widget-global elementor-global-4218 elementor-widget-heading\" data-id=\"ba60f0d\" data-element_type=\"widget\" data-e-type=\"widget\" data-widget_type=\"heading.default\">\n\t\t\t\t<div class=\"elementor-widget-container\">\n\t\t\t\t\t<h3 class=\"elementor-heading-title elementor-size-default\"><a href=\"tel:+33363840008\">+33 (0) 363 840 008<\/a><\/h3>\t\t\t\t<\/div>\n\t\t\t\t<\/div>\n\t\t\t\t\t<\/div>\n\t\t<\/div>\n\t\t\t\t<div class=\"elementor-column elementor-col-50 elementor-inner-column elementor-element elementor-element-1e5953a\" data-id=\"1e5953a\" data-element_type=\"column\" data-e-type=\"column\">\n\t\t\t<div class=\"elementor-widget-wrap elementor-element-populated\">\n\t\t\t\t\t\t<div class=\"elementor-element elementor-element-e8647a9 elementor-widget elementor-widget-heading\" data-id=\"e8647a9\" data-element_type=\"widget\" data-e-type=\"widget\" data-widget_type=\"heading.default\">\n\t\t\t\t<div class=\"elementor-widget-container\">\n\t\t\t\t\t<h3 class=\"elementor-heading-title elementor-size-default\">Chaque matin, se lever avec joie.<\/h3>\t\t\t\t<\/div>\n\t\t\t\t<\/div>\n\t\t\t\t<div class=\"elementor-element elementor-element-94af5ec elementor-widget elementor-widget-text-editor\" data-id=\"94af5ec\" data-element_type=\"widget\" data-e-type=\"widget\" data-widget_type=\"text-editor.default\">\n\t\t\t\t<div class=\"elementor-widget-container\">\n\t\t\t\t\t\t\t\t\t<p><strong>Presque tous&#8230; Cela fonctionne si le travail est adapt\u00e9. Si vous souhaitez vous r\u00e9jouir de votre journ\u00e9e de travail autant que de votre temps libre, nous devrions faire connaissance !<\/strong><\/p><p>Le groupe Tech Power Electronics combine les avantages d&#8217;une entreprise internationale avec l&#8217;esprit d&#8217;une entreprise familiale de taille moyenne. Vous aurez des t\u00e2ches passionnantes au sein d&#8217;une \u00e9quipe internationale, mais pour nous, vous \u00eates plus qu&#8217;un simple num\u00e9ro !<\/p>\t\t\t\t\t\t\t\t<\/div>\n\t\t\t\t<\/div>\n\t\t\t\t<div class=\"elementor-element elementor-element-4b91768 elementor-widget elementor-widget-text-editor\" data-id=\"4b91768\" data-element_type=\"widget\" data-e-type=\"widget\" data-widget_type=\"text-editor.default\">\n\t\t\t\t<div class=\"elementor-widget-container\">\n\t\t\t\t\t\t\t\t\t<strong>Aucune annonce de poste correspondante trouv\u00e9e ?<\/strong>\nSi vous \u00eates toujours compatible avec notre \u00e9quipe, nous serions ravis de vous rencontrer.\nVeuillez envoyer vos documents pertinents incluant votre CV et votre lettre de motivation \u00e0 l&#8217;adresse e-mail suivante:\t\t\t\t\t\t\t\t<\/div>\n\t\t\t\t<\/div>\n\t\t\t\t<div class=\"elementor-element elementor-element-0b6f2c6 elementor-icon-list--layout-traditional elementor-list-item-link-full_width elementor-widget elementor-widget-icon-list\" data-id=\"0b6f2c6\" data-element_type=\"widget\" data-e-type=\"widget\" data-widget_type=\"icon-list.default\">\n\t\t\t\t<div class=\"elementor-widget-container\">\n\t\t\t\t\t\t\t<ul class=\"elementor-icon-list-items\">\n\t\t\t\t\t\t\t<li class=\"elementor-icon-list-item\">\n\t\t\t\t\t\t\t\t\t\t\t<a href=\"mailto:france@tpe.group\">\n\n\t\t\t\t\t\t\t\t\t\t\t\t<span class=\"elementor-icon-list-icon\">\n\t\t\t\t\t\t\t<i aria-hidden=\"true\" class=\"fas fa-envelope\"><\/i>\t\t\t\t\t\t<\/span>\n\t\t\t\t\t\t\t\t\t\t<span class=\"elementor-icon-list-text\">france@tpe.group<\/span>\n\t\t\t\t\t\t\t\t\t\t\t<\/a>\n\t\t\t\t\t\t\t\t\t<\/li>\n\t\t\t\t\t\t<\/ul>\n\t\t\t\t\t\t<\/div>\n\t\t\t\t<\/div>\n\t\t\t\t\t<\/div>\n\t\t<\/div>\n\t\t\t\t\t<\/div>\n\t\t<\/section>\n\t\t\t\t\t<\/div>\n\t\t<\/div>\n\t\t\t\t\t<\/div>\n\t\t<\/section>\n\t\t\t\t<section class=\"elementor-section elementor-top-section elementor-element elementor-element-ece71d8 elementor-section-boxed elementor-section-height-default elementor-section-height-default\" data-id=\"ece71d8\" data-element_type=\"section\" data-e-type=\"section\" data-settings=\"{&quot;background_background&quot;:&quot;classic&quot;}\">\n\t\t\t\t\t\t<div class=\"elementor-container elementor-column-gap-wider\">\n\t\t\t\t\t<div class=\"elementor-column elementor-col-100 elementor-top-column elementor-element elementor-element-4a1cf12\" data-id=\"4a1cf12\" data-element_type=\"column\" data-e-type=\"column\">\n\t\t\t<div class=\"elementor-widget-wrap elementor-element-populated\">\n\t\t\t\t\t\t<div class=\"elementor-element elementor-element-4bdf7d3 elementor-widget elementor-widget-heading\" data-id=\"4bdf7d3\" data-element_type=\"widget\" data-e-type=\"widget\" data-widget_type=\"heading.default\">\n\t\t\t\t<div class=\"elementor-widget-container\">\n\t\t\t\t\t<h3 class=\"elementor-heading-title elementor-size-default\">Postes actuellement disponibles :<\/h3>\t\t\t\t<\/div>\n\t\t\t\t<\/div>\n\t\t\t\t<div class=\"elementor-element elementor-element-7b2d142 elementor-widget elementor-widget-shortcode\" data-id=\"7b2d142\" data-element_type=\"widget\" data-e-type=\"widget\" data-widget_type=\"shortcode.default\">\n\t\t\t\t<div class=\"elementor-widget-container\">\n\t\t\t\t\t\t\t<div class=\"elementor-shortcode\">\t<div class=\"awsm-job-wrap\">\n\n\t\t\n\t\t<div class=\"awsm-job-listings awsm-lists\" data-listings=\"20\">\n\t\t\t\t\t<div class=\"awsm-jobs-none-container\">\n\t\t\t\t<p>We currently have no job openings<\/p>\n\t\t\t<\/div>\n\t\t\t<\/div>\n\t<\/div>\n<\/div>\n\t\t\t\t\t\t<\/div>\n\t\t\t\t<\/div>\n\t\t\t\t\t<\/div>\n\t\t<\/div>\n\t\t\t\t\t<\/div>\n\t\t<\/section>\n\t\t\t\t<section class=\"elementor-section elementor-top-section elementor-element elementor-element-f43d1e2 elementor-section-boxed elementor-section-height-default elementor-section-height-default\" data-id=\"f43d1e2\" data-element_type=\"section\" data-e-type=\"section\" data-settings=\"{&quot;background_background&quot;:&quot;classic&quot;}\">\n\t\t\t\t\t\t\t<div class=\"elementor-background-overlay\"><\/div>\n\t\t\t\t\t\t\t<div class=\"elementor-container elementor-column-gap-wider\">\n\t\t\t\t\t<div class=\"elementor-column elementor-col-100 elementor-top-column elementor-element elementor-element-e7aa1f7\" data-id=\"e7aa1f7\" data-element_type=\"column\" data-e-type=\"column\">\n\t\t\t<div class=\"elementor-widget-wrap elementor-element-populated\">\n\t\t\t\t\t\t<section class=\"elementor-section elementor-inner-section elementor-element elementor-element-33b59c4 elementor-section-content-middle elementor-section-boxed elementor-section-height-default elementor-section-height-default\" data-id=\"33b59c4\" data-element_type=\"section\" data-e-type=\"section\">\n\t\t\t\t\t\t<div class=\"elementor-container elementor-column-gap-wider\">\n\t\t\t\t\t<div class=\"elementor-column elementor-col-50 elementor-inner-column elementor-element elementor-element-5616510\" data-id=\"5616510\" data-element_type=\"column\" data-e-type=\"column\">\n\t\t\t<div class=\"elementor-widget-wrap elementor-element-populated\">\n\t\t\t\t\t\t<div class=\"elementor-element elementor-element-8bd2970 elementor-widget elementor-widget-heading\" data-id=\"8bd2970\" data-element_type=\"widget\" data-e-type=\"widget\" data-widget_type=\"heading.default\">\n\t\t\t\t<div class=\"elementor-widget-container\">\n\t\t\t\t\t<h2 class=\"elementor-heading-title elementor-size-default\">Que faut-il attendre de TPEG ?<\/h2>\t\t\t\t<\/div>\n\t\t\t\t<\/div>\n\t\t\t\t<div class=\"elementor-element elementor-element-8a08f0e elementor-widget elementor-widget-text-editor\" data-id=\"8a08f0e\" data-element_type=\"widget\" data-e-type=\"widget\" data-widget_type=\"text-editor.default\">\n\t\t\t\t<div class=\"elementor-widget-container\">\n\t\t\t\t\t\t\t\t\t<p><strong>Un espace pour vous en tant qu&#8217;individu<\/strong><br \/>Trouvez votre place au sein de notre \u00e9quipe coll\u00e9giale! Nous travaillons dans une atmosph\u00e8re amicale. Le soutien mutuel, l&#8217;\u00e9coute ouverte et l&#8217;acceptation sont tr\u00e8s importants pour nous. Beaucoup de nos coll\u00e8gues de longue date seront heureux de vous le confirmer.<\/p><p><strong>Environnement de travail moderne<\/strong><br \/>Pour nous, un environnement contemporain ne se compose pas seulement d&#8217;outils de travail de pointe et de postes de travail ergonomiques. Nos employ\u00e9s doivent se sentir \u00e0 l&#8217;aise, c&#8217;est pourquoi nous fournissons gratuitement des fruits et des boissons pour tous.<\/p>\t\t\t\t\t\t\t\t<\/div>\n\t\t\t\t<\/div>\n\t\t\t\t\t<\/div>\n\t\t<\/div>\n\t\t\t\t<div class=\"elementor-column elementor-col-50 elementor-inner-column elementor-element elementor-element-854d257\" data-id=\"854d257\" data-element_type=\"column\" data-e-type=\"column\">\n\t\t\t<div class=\"elementor-widget-wrap elementor-element-populated\">\n\t\t\t\t\t\t<div class=\"elementor-element elementor-element-2bf3389 elementor-widget elementor-widget-image\" data-id=\"2bf3389\" data-element_type=\"widget\" data-e-type=\"widget\" data-widget_type=\"image.default\">\n\t\t\t\t<div class=\"elementor-widget-container\">\n\t\t\t\t\t\t\t\t\t\t\t\t\t\t\t<img decoding=\"async\" src=\"https:\/\/tpe.group\/wp-content\/uploads\/2022\/06\/tpe-content-jobs-04.jpg\" title=\"\" alt=\"\" loading=\"lazy\" \/>\t\t\t\t\t\t\t\t\t\t\t\t\t\t\t<\/div>\n\t\t\t\t<\/div>\n\t\t\t\t\t<\/div>\n\t\t<\/div>\n\t\t\t\t\t<\/div>\n\t\t<\/section>\n\t\t\t\t\t<\/div>\n\t\t<\/div>\n\t\t\t\t\t<\/div>\n\t\t<\/section>\n\t\t\t\t<section class=\"elementor-section elementor-top-section elementor-element elementor-element-f0509ae elementor-section-boxed elementor-section-height-default elementor-section-height-default\" data-id=\"f0509ae\" data-element_type=\"section\" data-e-type=\"section\" data-settings=\"{&quot;background_background&quot;:&quot;classic&quot;}\">\n\t\t\t\t\t\t\t<div class=\"elementor-background-overlay\"><\/div>\n\t\t\t\t\t\t\t<div class=\"elementor-container elementor-column-gap-wider\">\n\t\t\t\t\t<div class=\"elementor-column elementor-col-100 elementor-top-column elementor-element elementor-element-a5dd8cb\" data-id=\"a5dd8cb\" data-element_type=\"column\" data-e-type=\"column\">\n\t\t\t<div class=\"elementor-widget-wrap elementor-element-populated\">\n\t\t\t\t\t\t<section class=\"elementor-section elementor-inner-section elementor-element elementor-element-6b8a207 elementor-section-content-middle elementor-section-boxed elementor-section-height-default elementor-section-height-default\" data-id=\"6b8a207\" data-element_type=\"section\" data-e-type=\"section\">\n\t\t\t\t\t\t<div class=\"elementor-container elementor-column-gap-wider\">\n\t\t\t\t\t<div class=\"elementor-column elementor-col-50 elementor-inner-column elementor-element elementor-element-4403ad1\" data-id=\"4403ad1\" data-element_type=\"column\" data-e-type=\"column\">\n\t\t\t<div class=\"elementor-widget-wrap elementor-element-populated\">\n\t\t\t\t\t\t<div class=\"elementor-element elementor-element-1febba6 elementor-widget elementor-widget-image\" data-id=\"1febba6\" data-element_type=\"widget\" data-e-type=\"widget\" data-widget_type=\"image.default\">\n\t\t\t\t<div class=\"elementor-widget-container\">\n\t\t\t\t\t\t\t\t\t\t\t\t\t\t\t<img decoding=\"async\" src=\"https:\/\/tpe.group\/wp-content\/uploads\/2022\/06\/tpe-group-content-company.jpg\" title=\"\" alt=\"\" loading=\"lazy\" \/>\t\t\t\t\t\t\t\t\t\t\t\t\t\t\t<\/div>\n\t\t\t\t<\/div>\n\t\t\t\t\t<\/div>\n\t\t<\/div>\n\t\t\t\t<div class=\"elementor-column elementor-col-50 elementor-inner-column elementor-element elementor-element-5541aa1\" data-id=\"5541aa1\" data-element_type=\"column\" data-e-type=\"column\">\n\t\t\t<div class=\"elementor-widget-wrap elementor-element-populated\">\n\t\t\t\t\t\t<div class=\"elementor-element elementor-element-f43e5b0 elementor-widget elementor-widget-text-editor\" data-id=\"f43e5b0\" data-element_type=\"widget\" data-e-type=\"widget\" data-widget_type=\"text-editor.default\">\n\t\t\t\t<div class=\"elementor-widget-container\">\n\t\t\t\t\t\t\t\t\t<p><strong>Hi\u00e9rarchies Plates<\/strong><br \/>Nous sommes convaincus que la confiance en nos employ\u00e9s est n\u00e9cessaire et bonne. C&#8217;est pourquoi nous nous appuyons sur votre responsabilit\u00e9, votre cr\u00e9ativit\u00e9 et votre dynamisme. Dans nos hi\u00e9rarchies plates, vous pouvez vous \u00e9panouir et d\u00e9velopper votre propre mode de travail.<\/p><p><strong>Nouveaux Impulsions<\/strong><br \/>Aimez-vous apprendre quelque chose de nouveau? Nous donnons des impulsions passionnantes avec des possibilit\u00e9s r\u00e9guli\u00e8res de formation et de perfectionnement. Profitez des possibilit\u00e9s pour faciliter votre vie professionnelle et apprendre de nouvelles choses.<\/p>\t\t\t\t\t\t\t\t<\/div>\n\t\t\t\t<\/div>\n\t\t\t\t\t<\/div>\n\t\t<\/div>\n\t\t\t\t\t<\/div>\n\t\t<\/section>\n\t\t\t\t\t<\/div>\n\t\t<\/div>\n\t\t\t\t\t<\/div>\n\t\t<\/section>\n\t\t\t\t<section class=\"elementor-section elementor-top-section elementor-element elementor-element-b6032d9 elementor-section-boxed elementor-section-height-default elementor-section-height-default\" data-id=\"b6032d9\" data-element_type=\"section\" data-e-type=\"section\" data-settings=\"{&quot;background_background&quot;:&quot;classic&quot;}\">\n\t\t\t\t\t\t\t<div class=\"elementor-background-overlay\"><\/div>\n\t\t\t\t\t\t\t<div class=\"elementor-container elementor-column-gap-wider\">\n\t\t\t\t\t<div class=\"elementor-column elementor-col-100 elementor-top-column elementor-element elementor-element-dd945fc\" data-id=\"dd945fc\" data-element_type=\"column\" data-e-type=\"column\">\n\t\t\t<div class=\"elementor-widget-wrap elementor-element-populated\">\n\t\t\t\t\t\t<section class=\"elementor-section elementor-inner-section elementor-element elementor-element-594b026 elementor-section-content-middle elementor-section-boxed elementor-section-height-default elementor-section-height-default\" data-id=\"594b026\" data-element_type=\"section\" data-e-type=\"section\">\n\t\t\t\t\t\t<div class=\"elementor-container elementor-column-gap-wider\">\n\t\t\t\t\t<div class=\"elementor-column elementor-col-50 elementor-inner-column elementor-element elementor-element-541c37a\" data-id=\"541c37a\" data-element_type=\"column\" data-e-type=\"column\">\n\t\t\t<div class=\"elementor-widget-wrap elementor-element-populated\">\n\t\t\t\t\t\t<div class=\"elementor-element elementor-element-e2b9e6b elementor-widget elementor-widget-text-editor\" data-id=\"e2b9e6b\" data-element_type=\"widget\" data-e-type=\"widget\" data-widget_type=\"text-editor.default\">\n\t\t\t\t<div class=\"elementor-widget-container\">\n\t\t\t\t\t\t\t\t\t<p><strong style=\"color: var( --e-global-color-708ea6d ); background-color: var( --e-global-color-text );\">Flexible et ax\u00e9e sur la famille<\/strong><\/p><p>La famille est la chose la plus importante dans la vie &#8211; c&#8217;est pourquoi nous vous offrons un environnement convivial pour les familles. Vous avez le choix de travailler partiellement \u00e0 domicile ou de venir au bureau tous les jours. Nous sommes \u00e9galement \u00e0 l&#8217;\u00e9coute de vos besoins en termes de planification de vacances.<\/p><p><strong>Environnement international<\/strong><br \/>Le groupe Tech Power Electronics est maintenant pr\u00e9sent dans de nombreuses parties du monde. Regardez avec nous au-del\u00e0 des fronti\u00e8res et travaillez avec des coll\u00e8gues sur trois continents pour atteindre un objectif commun!<\/p><p><strong>R\u00e9mun\u00e9ration attractive et \u00e9quitable<\/strong><br \/>Un bon travail doit \u00eatre r\u00e9mun\u00e9r\u00e9 \u00e9quitablement. Ce principe est fermement ancr\u00e9 dans notre politique d&#8217;entreprise. Nos employ\u00e9s performants m\u00e9ritent une r\u00e9mun\u00e9ration attrayante &#8211; vous \u00eates notre atout le plus pr\u00e9cieux!<\/p>\t\t\t\t\t\t\t\t<\/div>\n\t\t\t\t<\/div>\n\t\t\t\t\t<\/div>\n\t\t<\/div>\n\t\t\t\t<div class=\"elementor-column elementor-col-50 elementor-inner-column elementor-element elementor-element-bc2ba55\" data-id=\"bc2ba55\" data-element_type=\"column\" data-e-type=\"column\">\n\t\t\t<div class=\"elementor-widget-wrap elementor-element-populated\">\n\t\t\t\t\t\t<div class=\"elementor-element elementor-element-970b64d elementor-widget elementor-widget-image\" data-id=\"970b64d\" data-element_type=\"widget\" data-e-type=\"widget\" data-widget_type=\"image.default\">\n\t\t\t\t<div class=\"elementor-widget-container\">\n\t\t\t\t\t\t\t\t\t\t\t\t\t\t\t<img decoding=\"async\" src=\"https:\/\/tpe.group\/wp-content\/uploads\/2022\/06\/tpe-jobs-content-familienfreundlich.jpg\" title=\"\" alt=\"\" loading=\"lazy\" \/>\t\t\t\t\t\t\t\t\t\t\t\t\t\t\t<\/div>\n\t\t\t\t<\/div>\n\t\t\t\t\t<\/div>\n\t\t<\/div>\n\t\t\t\t\t<\/div>\n\t\t<\/section>\n\t\t\t\t\t<\/div>\n\t\t<\/div>\n\t\t\t\t\t<\/div>\n\t\t<\/section>\n\t\t\t\t<section class=\"elementor-section elementor-top-section elementor-element elementor-element-f9e155a elementor-section-boxed elementor-section-height-default elementor-section-height-default\" data-id=\"f9e155a\" data-element_type=\"section\" data-e-type=\"section\" data-settings=\"{&quot;background_background&quot;:&quot;classic&quot;}\">\n\t\t\t\t\t\t\t<div class=\"elementor-background-overlay\"><\/div>\n\t\t\t\t\t\t\t<div class=\"elementor-container elementor-column-gap-wider\">\n\t\t\t\t\t<div class=\"elementor-column elementor-col-100 elementor-top-column elementor-element elementor-element-32ca840\" data-id=\"32ca840\" data-element_type=\"column\" data-e-type=\"column\">\n\t\t\t<div class=\"elementor-widget-wrap elementor-element-populated\">\n\t\t\t\t\t\t<section class=\"elementor-section elementor-inner-section elementor-element elementor-element-2b3c45c elementor-section-content-middle elementor-section-boxed elementor-section-height-default elementor-section-height-default\" data-id=\"2b3c45c\" data-element_type=\"section\" data-e-type=\"section\">\n\t\t\t\t\t\t<div class=\"elementor-container elementor-column-gap-wider\">\n\t\t\t\t\t<div class=\"elementor-column elementor-col-50 elementor-inner-column elementor-element elementor-element-5a3f648\" data-id=\"5a3f648\" data-element_type=\"column\" data-e-type=\"column\">\n\t\t\t<div class=\"elementor-widget-wrap elementor-element-populated\">\n\t\t\t\t\t\t<div class=\"elementor-element elementor-element-e1ac192 elementor-widget elementor-widget-image\" data-id=\"e1ac192\" data-element_type=\"widget\" data-e-type=\"widget\" data-widget_type=\"image.default\">\n\t\t\t\t<div class=\"elementor-widget-container\">\n\t\t\t\t\t\t\t\t\t\t\t\t\t\t\t<img decoding=\"async\" src=\"https:\/\/tpe.group\/wp-content\/uploads\/2022\/06\/tpe-content-jobs-01.jpg\" title=\"\" alt=\"\" loading=\"lazy\" \/>\t\t\t\t\t\t\t\t\t\t\t\t\t\t\t<\/div>\n\t\t\t\t<\/div>\n\t\t\t\t\t<\/div>\n\t\t<\/div>\n\t\t\t\t<div class=\"elementor-column elementor-col-50 elementor-inner-column elementor-element elementor-element-478bdff\" data-id=\"478bdff\" data-element_type=\"column\" data-e-type=\"column\">\n\t\t\t<div class=\"elementor-widget-wrap elementor-element-populated\">\n\t\t\t\t\t\t<div class=\"elementor-element elementor-element-a344192 elementor-widget elementor-widget-text-editor\" data-id=\"a344192\" data-element_type=\"widget\" data-e-type=\"widget\" data-widget_type=\"text-editor.default\">\n\t\t\t\t<div class=\"elementor-widget-container\">\n\t\t\t\t\t\t\t\t\t<p><strong>Que devez-vous apporter ?<br \/><\/strong><\/p><ul><li>Comp\u00e9tences techniques dans votre domaine<\/li><li>Une attitude de travail positive<\/li><li>Aimabilit\u00e9 et serviabilit\u00e9<\/li><li>Motivation et responsabilit\u00e9 personnelle<\/li><li>Ma\u00eetrise de l&#8217;anglais \u00e0 l&#8217;oral et \u00e0 l&#8217;\u00e9crit<\/li><\/ul><p><strong><br \/>DEVENEZ MEMBRE DU GROUPE TECH POWER ELECTRONICS !<\/strong><br \/>Avec nous, vous recevrez une v\u00e9ritable appr\u00e9ciation et des possibilit\u00e9s de d\u00e9veloppement. Des t\u00e2ches passionnantes vous attendent au sein d&#8217;une \u00e9quipe de soutien.<\/p>\t\t\t\t\t\t\t\t<\/div>\n\t\t\t\t<\/div>\n\t\t\t\t\t<\/div>\n\t\t<\/div>\n\t\t\t\t\t<\/div>\n\t\t<\/section>\n\t\t\t\t\t<\/div>\n\t\t<\/div>\n\t\t\t\t\t<\/div>\n\t\t<\/section>\n\t\t\t\t<\/div>\n\t\t","protected":false},"excerpt":{"rendered":"<p>Postes \u00e0 pourvoir en France BECOME A PART OF TECH POWER ELECTRONICS GROUP! Tech Power ElectronicsZI Les Plaines39570 CourlaouxFrance Phone: +33 (0) 363 840 008 Chaque matin, se lever avec joie. Presque tous&#8230; Cela fonctionne si le travail est adapt\u00e9. Si vous souhaitez vous r\u00e9jouir de votre journ\u00e9e de travail autant que de votre temps [&hellip;]<\/p>\n","protected":false},"author":1,"featured_media":4299,"parent":0,"menu_order":0,"comment_status":"closed","ping_status":"closed","template":"elementor_header_footer","meta":{"_acf_changed":false,"footnotes":"","_links_to":"","_links_to_target":""},"class_list":["post-19689","page","type-page","status-publish","has-post-thumbnail","hentry"],"acf":[],"aioseo_notices":[],"_links":{"self":[{"href":"https:\/\/tpe.group\/tpe-france\/wp-json\/wp\/v2\/pages\/19689","targetHints":{"allow":["GET"]}}],"collection":[{"href":"https:\/\/tpe.group\/tpe-france\/wp-json\/wp\/v2\/pages"}],"about":[{"href":"https:\/\/tpe.group\/tpe-france\/wp-json\/wp\/v2\/types\/page"}],"author":[{"embeddable":true,"href":"https:\/\/tpe.group\/tpe-france\/wp-json\/wp\/v2\/users\/1"}],"replies":[{"embeddable":true,"href":"https:\/\/tpe.group\/tpe-france\/wp-json\/wp\/v2\/comments?post=19689"}],"version-history":[{"count":10,"href":"https:\/\/tpe.group\/tpe-france\/wp-json\/wp\/v2\/pages\/19689\/revisions"}],"predecessor-version":[{"id":22380,"href":"https:\/\/tpe.group\/tpe-france\/wp-json\/wp\/v2\/pages\/19689\/revisions\/22380"}],"wp:featuredmedia":[{"embeddable":true,"href":"https:\/\/tpe.group\/tpe-france\/wp-json\/wp\/v2\/media\/4299"}],"wp:attachment":[{"href":"https:\/\/tpe.group\/tpe-france\/wp-json\/wp\/v2\/media?parent=19689"}],"curies":[{"name":"wp","href":"https:\/\/api.w.org\/{rel}","templated":true}]}}